{"id":267,"date":"2025-09-29T15:43:22","date_gmt":"2025-09-29T13:43:22","guid":{"rendered":"https:\/\/prometal-cm.com\/?page_id=267"},"modified":"2026-04-27T17:11:04","modified_gmt":"2026-04-27T15:11:04","slug":"csr-prometal","status":"publish","type":"page","link":"https:\/\/prometal-cm.com\/fr\/csr-prometal\/","title":{"rendered":"RSE"},"content":{"rendered":"<p>[et_pb_section fb_built=&#8221;1&#8243; _builder_version=&#8221;4.27.4&#8243; _module_preset=&#8221;default&#8221; use_background_color_gradient=&#8221;on&#8221; background_color_gradient_direction=&#8221;360deg&#8221; background_color_gradient_stops=&#8221;#000000 0%|rgba(0,0,0,0) 50%&#8221; background_color_gradient_overlays_image=&#8221;on&#8221; background_image=&#8221;https:\/\/prometal-cm.com\/wp-content\/uploads\/2025\/10\/development-entreprise.jpeg&#8221; min_height=&#8221;500px&#8221; height=&#8221;70vh&#8221; max_height_tablet=&#8221;&#8221; max_height_phone=&#8221;400px&#8221; max_height_last_edited=&#8221;on|desktop&#8221; background_last_edited=&#8221;off|desktop&#8221; use_background_color_gradient_tablet=&#8221;on&#8221; use_background_color_gradient_phone=&#8221;on&#8221; background_color_gradient_stops_tablet=&#8221;#000000 0%|rgba(0,0,0,0.12) 50%&#8221; background_color_gradient_stops_phone=&#8221;#000000 0%|rgba(0,0,0,0.25) 50%&#8221; custom_css_main_element=&#8221;align-items: center;||display: flex;&#8221; global_colors_info=&#8221;{}&#8221;][et_pb_row _builder_version=&#8221;4.27.4&#8243; _module_preset=&#8221;default&#8221; global_colors_info=&#8221;{}&#8221;][et_pb_column type=&#8221;4_4&#8243; _builder_version=&#8221;4.27.4&#8243; _module_preset=&#8221;default&#8221; global_colors_info=&#8221;{}&#8221;][et_pb_text _builder_version=&#8221;4.27.6&#8243; _module_preset=&#8221;default&#8221; text_text_color=&#8221;#FFFFFF&#8221; header_text_align=&#8221;center&#8221; header_text_color=&#8221;#FFFFFF&#8221; text_orientation=&#8221;center&#8221; module_alignment=&#8221;center&#8221; hover_enabled=&#8221;0&#8243; global_colors_info=&#8221;{}&#8221; max_width=&#8221;700px&#8221; sticky_enabled=&#8221;0&#8243;]<\/p>\n<h1>Building a<br \/>Better Future<\/h1>\n<p>Our actions to support and accompany local and\/or disadvantaged populations aim to improve the living conditions of these targets.<\/p>\n<p>[\/et_pb_text][\/et_pb_column][\/et_pb_row][\/et_pb_section][et_pb_section fb_built=&#8221;1&#8243; custom_padding_last_edited=&#8221;off|desktop&#8221; _builder_version=&#8221;4.27.4&#8243; _module_preset=&#8221;default&#8221; background_color=&#8221;rgba(255,255,255,0)&#8221; z_index=&#8221;1&#8243; custom_padding=&#8221;0px||0px||true|false&#8221; custom_padding_tablet=&#8221;100px||100px||true|false&#8221; custom_padding_phone=&#8221;100px||100px||true|false&#8221; global_colors_info=&#8221;{}&#8221;][et_pb_row custom_padding_last_edited=&#8221;off|desktop&#8221; _builder_version=&#8221;4.27.4&#8243; _module_preset=&#8221;default&#8221; use_background_color_gradient=&#8221;on&#8221; background_color_gradient_stops=&#8221;#2f6eba 0%|#306db9 75%|rgba(48,109,185,0) 100%&#8221; width=&#8221;100%&#8221; max_width=&#8221;100%&#8221; module_alignment=&#8221;center&#8221; custom_padding=&#8221;150px||50px||false|false&#8221; custom_padding_tablet=&#8221;100px||100px||true|false&#8221; global_colors_info=&#8221;{}&#8221;][et_pb_column type=&#8221;4_4&#8243; _builder_version=&#8221;4.27.4&#8243; _module_preset=&#8221;default&#8221; global_colors_info=&#8221;{}&#8221;][et_pb_text _builder_version=&#8221;4.27.4&#8243; _module_preset=&#8221;default&#8221; text_text_color=&#8221;#FFFFFF&#8221; text_font_size=&#8221;35px&#8221; text_line_height=&#8221;1.1em&#8221; header_2_text_color=&#8221;#FFFFFF&#8221; text_orientation=&#8221;center&#8221; max_width=&#8221;1474px&#8221; module_alignment=&#8221;center&#8221; custom_margin=&#8221;||50px||false|false&#8221; custom_padding=&#8221;|20px||20px|false|true&#8221; text_font_size_tablet=&#8221;22px&#8221; text_font_size_phone=&#8221;&#8221; text_font_size_last_edited=&#8221;on|phone&#8221; text_line_height_tablet=&#8221;1.2em&#8221; text_line_height_phone=&#8221;1.2em&#8221; text_line_height_last_edited=&#8221;on|tablet&#8221; global_colors_info=&#8221;{}&#8221;]<\/p>\n<h2>Giving back to the community<\/h2>\n<p>[\/et_pb_text][et_pb_text _builder_version=&#8221;4.27.6&#8243; _module_preset=&#8221;default&#8221; text_text_color=&#8221;#FFFFFF&#8221; text_font_size=&#8221;28px&#8221; text_line_height=&#8221;1.1em&#8221; header_2_text_color=&#8221;#FFFFFF&#8221; text_orientation=&#8221;center&#8221; max_width=&#8221;1120px&#8221; module_alignment=&#8221;center&#8221; custom_margin=&#8221;||1px||false|false&#8221; custom_margin_tablet=&#8221;||0px||false|false&#8221; custom_margin_phone=&#8221;||0px||false|false&#8221; custom_margin_last_edited=&#8221;on|tablet&#8221; custom_padding=&#8221;|20px||20px|false|true&#8221; text_font_size_tablet=&#8221;22px&#8221; text_font_size_phone=&#8221;&#8221; text_font_size_last_edited=&#8221;on|desktop&#8221; text_line_height_tablet=&#8221;1.2em&#8221; text_line_height_phone=&#8221;1.2em&#8221; text_line_height_last_edited=&#8221;on|tablet&#8221; global_colors_info=&#8221;{}&#8221;]<\/p>\n<p class=\"p1\">Since its creation in 2010, PROMETAL has made corporate social responsibility a central pillar of its managerial vision, integrating citizenship and sustainable development into all its actions.<\/p>\n<p class=\"p1\">The company is actively committed alongside the Cameroonian State through large-scale social, educational, health, and environmental initiatives, representing over 2 billion FCFA already invested.<\/p>\n<p class=\"p1\">Its actions cover various areas such as public health, the promotion of education, the improvement of the living environment, the promotion of gender equality, and environmental protection.<\/p>\n<p class=\"p1\">Thus, PROMETAL embodies its motto, &#8220;More than steel, values,&#8221; by placing people at the heart of its industrial development.<\/p>\n<p>[\/et_pb_text][\/et_pb_column][\/et_pb_row][\/et_pb_section][et_pb_section fb_built=&#8221;1&#8243; custom_padding_last_edited=&#8221;on|tablet&#8221; _builder_version=&#8221;4.27.4&#8243; _module_preset=&#8221;default&#8221; background_image=&#8221;https:\/\/prometal-cm.com\/wp-content\/uploads\/2025\/08\/arriere-plan-multicolore.jpg&#8221; custom_margin=&#8221;-250px||||false|false&#8221; custom_padding=&#8221;250px||7px||false|false&#8221; custom_padding_tablet=&#8221;||||false|false&#8221; custom_padding_phone=&#8221;||||false|false&#8221; global_colors_info=&#8221;{}&#8221;][et_pb_row _builder_version=&#8221;4.27.4&#8243; _module_preset=&#8221;default&#8221; custom_margin=&#8221;-2px|auto||auto|false|false&#8221; global_colors_info=&#8221;{}&#8221;][et_pb_column type=&#8221;4_4&#8243; _builder_version=&#8221;4.27.4&#8243; _module_preset=&#8221;default&#8221; global_colors_info=&#8221;{}&#8221;][et_pb_image src=&#8221;https:\/\/prometal-cm.com\/wp-content\/uploads\/2025\/10\/childs.jpeg&#8221; title_text=&#8221;childs&#8221; _builder_version=&#8221;4.27.4&#8243; _module_preset=&#8221;default&#8221; custom_margin=&#8221;||60px|||&#8221; border_radii=&#8221;off|150px|||&#8221; border_radii_tablet=&#8221;off|100px|||&#8221; border_radii_phone=&#8221;off|50px|||&#8221; border_radii_last_edited=&#8221;on|phone&#8221; global_colors_info=&#8221;{}&#8221;][\/et_pb_image][et_pb_text _builder_version=&#8221;4.27.5&#8243; _module_preset=&#8221;default&#8221; header_2_font=&#8221;|||on|||||&#8221; header_2_text_align=&#8221;center&#8221; header_2_text_color=&#8221;#FFFFFF&#8221; link_option_url=&#8221;https:\/\/prometal-cm.com\/blog\/csr\/&#8221; global_colors_info=&#8221;{}&#8221;]<\/p>\n<h2>Areas of action &gt;<\/h2>\n<p>[\/et_pb_text][\/et_pb_column][\/et_pb_row][\/et_pb_section][et_pb_section fb_built=&#8221;1&#8243; _builder_version=&#8221;4.27.4&#8243; _module_preset=&#8221;default&#8221; background_color=&#8221;#636569&#8243; custom_padding=&#8221;0px||0px||false|false&#8221; global_colors_info=&#8221;{}&#8221;][et_pb_row _builder_version=&#8221;4.27.4&#8243; _module_preset=&#8221;default&#8221; width=&#8221;100%&#8221; max_width=&#8221;100%&#8221; custom_margin=&#8221;0px||0px||true|false&#8221; custom_padding=&#8221;0px||0px||true|false&#8221; global_colors_info=&#8221;{}&#8221;][et_pb_column type=&#8221;4_4&#8243; _builder_version=&#8221;4.27.4&#8243; _module_preset=&#8221;default&#8221; global_colors_info=&#8221;{}&#8221;][et_pb_code _builder_version=&#8221;4.27.4&#8243; _module_preset=&#8221;default&#8221; global_colors_info=&#8221;{}&#8221;]<div id='grid_blog'><\/div>[\/et_pb_code][\/et_pb_column][\/et_pb_row][\/et_pb_section]<\/p>\n","protected":false},"excerpt":{"rendered":"<p>Building aBetter Future Our actions to support and accompany local and\/or disadvantaged populations aim to improve the living conditions of these targets.Giving back to the communitySince its creation in 2010, PROMETAL has made corporate social responsibility a central pillar of its managerial vision, integrating citizenship and sustainable development into all its actions. The company is [&hellip;]<\/p>\n","protected":false},"author":1,"featured_media":0,"parent":0,"menu_order":0,"comment_status":"closed","ping_status":"closed","template":"","meta":{"_acf_changed":false,"_et_pb_use_builder":"on","_et_pb_old_content":"<!-- wp:paragraph -->\n<p>This is an example page. It's different from a blog post because it will stay in one place and will show up in your site navigation (in most themes). Most people start with an About page that introduces them to potential site visitors. It might say something like this:<\/p>\n<!-- \/wp:paragraph -->\n\n<!-- wp:quote -->\n<blockquote class=\"wp-block-quote\"><p>Hi there! I'm a bike messenger by day, aspiring actor by night, and this is my website. I live in Los Angeles, have a great dog named Jack, and I like pi&#241;a coladas. (And gettin' caught in the rain.)<\/p><\/blockquote>\n<!-- \/wp:quote -->\n\n<!-- wp:paragraph -->\n<p>...or something like this:<\/p>\n<!-- \/wp:paragraph -->\n\n<!-- wp:quote -->\n<blockquote class=\"wp-block-quote\"><p>The XYZ Doohickey Company was founded in 1971, and has been providing quality doohickeys to the public ever since. Located in Gotham City, XYZ employs over 2,000 people and does all kinds of awesome things for the Gotham community.<\/p><\/blockquote>\n<!-- \/wp:quote -->\n\n<!-- wp:paragraph -->\n<p>As a new WordPress user, you should go to <a href=\"http:\/\/prometal-cm.com\/wp-admin\/\">your dashboard<\/a> to delete this page and create new pages for your content. Have fun!<\/p>\n<!-- \/wp:paragraph -->","_et_gb_content_width":"","footnotes":""},"class_list":["post-267","page","type-page","status-publish","hentry"],"acf":[],"yoast_head":"<!-- This site is optimized with the Yoast SEO plugin v27.4 - https:\/\/yoast.com\/product\/yoast-seo-wordpress\/ -->\n<title>Corporate Social Responsibility \u2013 More Than Steel, Values &#187; Prometal<\/title>\n<meta name=\"description\" content=\"Since 2010, Prometal has invested over 2 billion FCFA in social initiatives in Cameroon: public health, education, gender equality and environmental protection.\" \/>\n<meta name=\"robots\" content=\"index, follow, max-snippet:-1, max-image-preview:large, max-video-preview:-1\" \/>\n<link rel=\"canonical\" href=\"https:\/\/prometal-cm.com\/fr\/csr-prometal\/\" \/>\n<meta property=\"og:locale\" content=\"fr_FR\" \/>\n<meta property=\"og:type\" content=\"article\" \/>\n<meta property=\"og:title\" content=\"Corporate Social Responsibility \u2013 More Than Steel, Values &#187; Prometal\" \/>\n<meta property=\"og:description\" content=\"Since 2010, Prometal has invested over 2 billion FCFA in social initiatives in Cameroon: public health, education, gender equality and environmental protection.\" \/>\n<meta property=\"og:url\" content=\"https:\/\/prometal-cm.com\/fr\/csr-prometal\/\" \/>\n<meta property=\"og:site_name\" content=\"Prometal\" \/>\n<meta property=\"article:modified_time\" content=\"2026-04-27T15:11:04+00:00\" \/>\n<meta property=\"og:image\" content=\"https:\/\/prometal-cm.com\/wp-content\/uploads\/2026\/01\/types-of-steel-metal-structures.jpeg\" \/>\n\t<meta property=\"og:image:width\" content=\"2400\" \/>\n\t<meta property=\"og:image:height\" content=\"1458\" \/>\n\t<meta property=\"og:image:type\" content=\"image\/jpeg\" \/>\n<meta name=\"twitter:card\" content=\"summary_large_image\" \/>\n<meta name=\"twitter:label1\" content=\"Dur\u00e9e de lecture estim\u00e9e\" \/>\n\t<meta name=\"twitter:data1\" content=\"1 minute\" \/>\n<script type=\"application\/ld+json\" class=\"yoast-schema-graph\">{\"@context\":\"https:\\\/\\\/schema.org\",\"@graph\":[{\"@type\":\"WebPage\",\"@id\":\"https:\\\/\\\/prometal-cm.com\\\/csr-prometal\\\/\",\"url\":\"https:\\\/\\\/prometal-cm.com\\\/csr-prometal\\\/\",\"name\":\"Corporate Social Responsibility \u2013 More Than Steel, Values &#187; Prometal\",\"isPartOf\":{\"@id\":\"https:\\\/\\\/prometal-cm.com\\\/#website\"},\"datePublished\":\"2025-09-29T13:43:22+00:00\",\"dateModified\":\"2026-04-27T15:11:04+00:00\",\"description\":\"Since 2010, Prometal has invested over 2 billion FCFA in social initiatives in Cameroon: public health, education, gender equality and environmental protection.\",\"breadcrumb\":{\"@id\":\"https:\\\/\\\/prometal-cm.com\\\/csr-prometal\\\/#breadcrumb\"},\"inLanguage\":\"fr-FR\",\"potentialAction\":[{\"@type\":\"ReadAction\",\"target\":[\"https:\\\/\\\/prometal-cm.com\\\/csr-prometal\\\/\"]}]},{\"@type\":\"BreadcrumbList\",\"@id\":\"https:\\\/\\\/prometal-cm.com\\\/csr-prometal\\\/#breadcrumb\",\"itemListElement\":[{\"@type\":\"ListItem\",\"position\":1,\"name\":\"Accueil\",\"item\":\"https:\\\/\\\/prometal-cm.com\\\/\"},{\"@type\":\"ListItem\",\"position\":2,\"name\":\"CSR\"}]},{\"@type\":\"WebSite\",\"@id\":\"https:\\\/\\\/prometal-cm.com\\\/#website\",\"url\":\"https:\\\/\\\/prometal-cm.com\\\/\",\"name\":\"Prometal\",\"description\":\"\",\"publisher\":{\"@id\":\"https:\\\/\\\/prometal-cm.com\\\/#organization\"},\"alternateName\":\"Prometal Aci\u00e9rie\",\"potentialAction\":[{\"@type\":\"SearchAction\",\"target\":{\"@type\":\"EntryPoint\",\"urlTemplate\":\"https:\\\/\\\/prometal-cm.com\\\/?s={search_term_string}\"},\"query-input\":{\"@type\":\"PropertyValueSpecification\",\"valueRequired\":true,\"valueName\":\"search_term_string\"}}],\"inLanguage\":\"fr-FR\"},{\"@type\":\"Organization\",\"@id\":\"https:\\\/\\\/prometal-cm.com\\\/#organization\",\"name\":\"Prometal\",\"alternateName\":\"Prometal Aci\u00e9rie\",\"url\":\"https:\\\/\\\/prometal-cm.com\\\/\",\"logo\":{\"@type\":\"ImageObject\",\"inLanguage\":\"fr-FR\",\"@id\":\"https:\\\/\\\/prometal-cm.com\\\/#\\\/schema\\\/logo\\\/image\\\/\",\"url\":\"https:\\\/\\\/prometal-cm.com\\\/wp-content\\\/uploads\\\/2026\\\/04\\\/prometal-1.png\",\"contentUrl\":\"https:\\\/\\\/prometal-cm.com\\\/wp-content\\\/uploads\\\/2026\\\/04\\\/prometal-1.png\",\"width\":700,\"height\":700,\"caption\":\"Prometal\"},\"image\":{\"@id\":\"https:\\\/\\\/prometal-cm.com\\\/#\\\/schema\\\/logo\\\/image\\\/\"}}]}<\/script>\n<!-- \/ Yoast SEO plugin. -->","yoast_head_json":{"title":"Responsabilit\u00e9 Sociale d'Entreprise \u2013 Plus que de l'acier, des valeurs \u00bb Prometal","description":"Depuis 2010, Prometal a investi plus de 2 milliards FCFA dans des initiatives sociales au Cameroun : sant\u00e9 publique, \u00e9ducation, \u00e9galit\u00e9 des genres et protection de l'environnement.","robots":{"index":"index","follow":"follow","max-snippet":"max-snippet:-1","max-image-preview":"max-image-preview:large","max-video-preview":"max-video-preview:-1"},"canonical":"https:\/\/prometal-cm.com\/fr\/csr-prometal\/","og_locale":"fr_FR","og_type":"article","og_title":"Corporate Social Responsibility \u2013 More Than Steel, Values &#187; Prometal","og_description":"Since 2010, Prometal has invested over 2 billion FCFA in social initiatives in Cameroon: public health, education, gender equality and environmental protection.","og_url":"https:\/\/prometal-cm.com\/fr\/csr-prometal\/","og_site_name":"Prometal","article_modified_time":"2026-04-27T15:11:04+00:00","og_image":[{"width":2400,"height":1458,"url":"https:\/\/prometal-cm.com\/wp-content\/uploads\/2026\/01\/types-of-steel-metal-structures.jpeg","type":"image\/jpeg"}],"twitter_card":"summary_large_image","twitter_misc":{"Dur\u00e9e de lecture estim\u00e9e":"1 minute"},"schema":{"@context":"https:\/\/schema.org","@graph":[{"@type":"WebPage","@id":"https:\/\/prometal-cm.com\/csr-prometal\/","url":"https:\/\/prometal-cm.com\/csr-prometal\/","name":"Responsabilit\u00e9 Sociale d'Entreprise \u2013 Plus que de l'acier, des valeurs \u00bb Prometal","isPartOf":{"@id":"https:\/\/prometal-cm.com\/#website"},"datePublished":"2025-09-29T13:43:22+00:00","dateModified":"2026-04-27T15:11:04+00:00","description":"Depuis 2010, Prometal a investi plus de 2 milliards FCFA dans des initiatives sociales au Cameroun : sant\u00e9 publique, \u00e9ducation, \u00e9galit\u00e9 des genres et protection de l'environnement.","breadcrumb":{"@id":"https:\/\/prometal-cm.com\/csr-prometal\/#breadcrumb"},"inLanguage":"fr-FR","potentialAction":[{"@type":"ReadAction","target":["https:\/\/prometal-cm.com\/csr-prometal\/"]}]},{"@type":"BreadcrumbList","@id":"https:\/\/prometal-cm.com\/csr-prometal\/#breadcrumb","itemListElement":[{"@type":"ListItem","position":1,"name":"Accueil","item":"https:\/\/prometal-cm.com\/"},{"@type":"ListItem","position":2,"name":"CSR"}]},{"@type":"WebSite","@id":"https:\/\/prometal-cm.com\/#website","url":"https:\/\/prometal-cm.com\/","name":"Prometal","description":"","publisher":{"@id":"https:\/\/prometal-cm.com\/#organization"},"alternateName":"Prometal Aci\u00e9rie","potentialAction":[{"@type":"SearchAction","target":{"@type":"EntryPoint","urlTemplate":"https:\/\/prometal-cm.com\/?s={search_term_string}"},"query-input":{"@type":"PropertyValueSpecification","valueRequired":true,"valueName":"search_term_string"}}],"inLanguage":"fr-FR"},{"@type":"Organization","@id":"https:\/\/prometal-cm.com\/#organization","name":"Prometal","alternateName":"Prometal Aci\u00e9rie","url":"https:\/\/prometal-cm.com\/","logo":{"@type":"ImageObject","inLanguage":"fr-FR","@id":"https:\/\/prometal-cm.com\/#\/schema\/logo\/image\/","url":"https:\/\/prometal-cm.com\/wp-content\/uploads\/2026\/04\/prometal-1.png","contentUrl":"https:\/\/prometal-cm.com\/wp-content\/uploads\/2026\/04\/prometal-1.png","width":700,"height":700,"caption":"Prometal"},"image":{"@id":"https:\/\/prometal-cm.com\/#\/schema\/logo\/image\/"}}]}},"_links":{"self":[{"href":"https:\/\/prometal-cm.com\/fr\/wp-json\/wp\/v2\/pages\/267","targetHints":{"allow":["GET"]}}],"collection":[{"href":"https:\/\/prometal-cm.com\/fr\/wp-json\/wp\/v2\/pages"}],"about":[{"href":"https:\/\/prometal-cm.com\/fr\/wp-json\/wp\/v2\/types\/page"}],"author":[{"embeddable":true,"href":"https:\/\/prometal-cm.com\/fr\/wp-json\/wp\/v2\/users\/1"}],"replies":[{"embeddable":true,"href":"https:\/\/prometal-cm.com\/fr\/wp-json\/wp\/v2\/comments?post=267"}],"version-history":[{"count":10,"href":"https:\/\/prometal-cm.com\/fr\/wp-json\/wp\/v2\/pages\/267\/revisions"}],"predecessor-version":[{"id":1045,"href":"https:\/\/prometal-cm.com\/fr\/wp-json\/wp\/v2\/pages\/267\/revisions\/1045"}],"wp:attachment":[{"href":"https:\/\/prometal-cm.com\/fr\/wp-json\/wp\/v2\/media?parent=267"}],"curies":[{"name":"wp","href":"https:\/\/api.w.org\/{rel}","templated":true}]}}