{"id":280,"date":"2025-09-29T17:24:58","date_gmt":"2025-09-29T15:24:58","guid":{"rendered":"https:\/\/prometal-cm.com\/?page_id=280"},"modified":"2025-10-06T15:54:03","modified_gmt":"2025-10-06T13:54:03","slug":"contactez-nous","status":"publish","type":"page","link":"https:\/\/prometal-cm.com\/fr\/contact-us\/","title":{"rendered":"Nous contacter"},"content":{"rendered":"<p>[et_pb_section fb_built=&#8221;1&#8243; _builder_version=&#8221;4.27.4&#8243; _module_preset=&#8221;default&#8221; background_image=&#8221;https:\/\/prometal-cm.com\/wp-content\/uploads\/2025\/09\/arriere-plan-contact-prometal-scaled.jpg&#8221; background_position=&#8221;bottom_center&#8221; hover_enabled=&#8221;0&#8243; global_colors_info=&#8221;{}&#8221; custom_padding=&#8221;56px||122px||false|false&#8221; sticky_enabled=&#8221;0&#8243;][et_pb_row _builder_version=&#8221;4.27.4&#8243; _module_preset=&#8221;default&#8221; custom_margin=&#8221;0px||0px||true|false&#8221; custom_padding=&#8221;0px||0px||true|false&#8221; hover_enabled=&#8221;0&#8243; sticky_enabled=&#8221;0&#8243;][et_pb_column _builder_version=&#8221;4.27.4&#8243; _module_preset=&#8221;default&#8221; type=&#8221;4_4&#8243;][et_pb_code _builder_version=&#8221;4.27.4&#8243; _module_preset=&#8221;default&#8221; hover_enabled=&#8221;0&#8243; sticky_enabled=&#8221;0&#8243;]\n<div class=\"wpcf7 no-js\" id=\"wpcf7-f286-o1\" lang=\"fr-FR\" dir=\"ltr\" data-wpcf7-id=\"286\">\n<div class=\"screen-reader-response\"><p role=\"status\" aria-live=\"polite\" aria-atomic=\"true\"><\/p> <ul><\/ul><\/div>\n<form action=\"\/fr\/wp-json\/wp\/v2\/pages\/280#wpcf7-f286-o1\" method=\"post\" class=\"wpcf7-form init\" aria-label=\"Formulaire de contact\" novalidate=\"novalidate\" data-status=\"init\">\n<fieldset class=\"hidden-fields-container\"><input type=\"hidden\" name=\"_wpcf7\" value=\"286\" \/><input type=\"hidden\" name=\"_wpcf7_version\" value=\"6.1.5\" \/><input type=\"hidden\" name=\"_wpcf7_locale\" value=\"fr_FR\" \/><input type=\"hidden\" name=\"_wpcf7_unit_tag\" value=\"wpcf7-f286-o1\" \/><input type=\"hidden\" name=\"_wpcf7_container_post\" value=\"0\" \/><input type=\"hidden\" name=\"_wpcf7_posted_data_hash\" value=\"\" \/>\n<\/fieldset>\n<div id=\"contact-form-prometal\">\n\t<div class=\"width-50\">\n\t\t<p><label>Name<span class=\"wpcf7-form-control-wrap\" data-name=\"name\"><input size=\"40\" maxlength=\"400\" class=\"wpcf7-form-control wpcf7-text wpcf7-validates-as-required\" aria-required=\"true\" aria-invalid=\"false\" value=\"\" type=\"text\" name=\"name\" \/><\/span><\/label>\n\t\t<\/p>\n\t<\/div>\n\t<div class=\"width-50\">\n\t\t<p><label>Email<span class=\"wpcf7-form-control-wrap\" data-name=\"email\"><input size=\"40\" maxlength=\"400\" class=\"wpcf7-form-control wpcf7-email wpcf7-validates-as-required wpcf7-text wpcf7-validates-as-email\" aria-required=\"true\" aria-invalid=\"false\" value=\"\" type=\"email\" name=\"email\" \/><\/span><\/label>\n\t\t<\/p>\n\t<\/div>\n\t<div class=\"width-50\">\n\t\t<p><label>Phone number<span class=\"wpcf7-form-control-wrap\" data-name=\"phone\"><input size=\"40\" maxlength=\"400\" class=\"wpcf7-form-control wpcf7-tel wpcf7-validates-as-required wpcf7-text wpcf7-validates-as-tel\" aria-required=\"true\" aria-invalid=\"false\" value=\"\" type=\"tel\" name=\"phone\" \/><\/span><\/label>\n\t\t<\/p>\n\t<\/div>\n\t<div class=\"width-50\">\n\t\t<p><label>TOPIC<span class=\"wpcf7-form-control-wrap\" data-name=\"topic\"><input size=\"40\" maxlength=\"400\" class=\"wpcf7-form-control wpcf7-text wpcf7-validates-as-required\" aria-required=\"true\" aria-invalid=\"false\" value=\"\" type=\"text\" name=\"topic\" \/><\/span><\/label>\n\t\t<\/p>\n\t<\/div>\n\t<div class=\"width-100\">\n\t\t<p><label>Type of contact<span class='select'><span class=\"wpcf7-form-control-wrap\" data-name=\"type\"><select class=\"wpcf7-form-control wpcf7-select\" aria-invalid=\"false\" name=\"type\"><option value=\"G\u00e9n\u00e9ral\">G\u00e9n\u00e9ral<\/option><option value=\"Commercial\">Commercial<\/option><option value=\"RH\">RH<\/option><option value=\"Achat\">Achat<\/option><\/select><\/span><\/span><\/label><br \/>\n<label>Your message<span class=\"wpcf7-form-control-wrap\" data-name=\"your-message\"><textarea cols=\"40\" rows=\"10\" maxlength=\"2000\" class=\"wpcf7-form-control wpcf7-textarea wpcf7-validates-as-required\" aria-required=\"true\" aria-invalid=\"false\" name=\"your-message\"><\/textarea><\/span><\/label>\n\t\t<\/p>\n\t<\/div>\n\t<div class=\"width-100\">\n\t\t<p><span class=\"wpcf7-form-control-wrap\" data-name=\"acceptance-269\"><span class=\"wpcf7-form-control wpcf7-acceptance\"><span class=\"wpcf7-list-item\"><label><input type=\"checkbox\" name=\"acceptance-269\" value=\"1\" aria-invalid=\"false\" \/><span class=\"wpcf7-list-item-label\">I consent to the use of my personal data<\/span><\/label><\/span><\/span><\/span>\n\t\t<\/p>\n\t<div class=\"wpcf7-turnstile cf-turnstile\" data-sitekey=\"0x4AAAAAACAj89vAmL41aAlH\" data-response-field-name=\"_wpcf7_turnstile_response\"><\/div>\n\t\t<p><input class=\"wpcf7-form-control wpcf7-submit has-spinner\" type=\"submit\" value=\"Send\" \/>\n\t\t<\/p>\n\t<\/div>\n<\/div><div class=\"wpcf7-response-output\" aria-hidden=\"true\"><\/div>\n<\/form>\n<\/div>\n[\/et_pb_code][\/et_pb_column][\/et_pb_row][\/et_pb_section][et_pb_section fb_built=&#8221;1&#8243; _builder_version=&#8221;4.27.4&#8243; _module_preset=&#8221;default&#8221; hover_enabled=&#8221;0&#8243; global_colors_info=&#8221;{}&#8221; custom_padding=&#8221;0px||0px||true|false&#8221; sticky_enabled=&#8221;0&#8243;][et_pb_row _builder_version=&#8221;4.27.4&#8243; _module_preset=&#8221;default&#8221; hover_enabled=&#8221;0&#8243; global_colors_info=&#8221;{}&#8221; width=&#8221;100%&#8221; max_width=&#8221;100%&#8221; custom_padding=&#8221;|50px|50px|50px|false|true&#8221; sticky_enabled=&#8221;0&#8243;][et_pb_column type=&#8221;4_4&#8243; _builder_version=&#8221;4.27.4&#8243; _module_preset=&#8221;default&#8221; global_colors_info=&#8221;{}&#8221;][et_pb_code _builder_version=&#8221;4.27.4&#8243; _module_preset=&#8221;default&#8221; global_colors_info=&#8221;{}&#8221;]<iframe loading=\"lazy\" src=\"https:\/\/snazzymaps.com\/embed\/742259\" width=\"100%\" height=\"600px\" style=\"border:none;\"><\/iframe>[\/et_pb_code][\/et_pb_column][\/et_pb_row][\/et_pb_section]<\/p>\n","protected":false},"excerpt":{"rendered":"<div class=\"wpcf7 no-js\" id=\"wpcf7-f286-o2\" lang=\"fr-FR\" dir=\"ltr\" data-wpcf7-id=\"286\">\n<div class=\"screen-reader-response\"><p role=\"status\" aria-live=\"polite\" aria-atomic=\"true\"><\/p> <ul><\/ul><\/div>\n<form action=\"\/fr\/wp-json\/wp\/v2\/pages\/280#wpcf7-f286-o2\" method=\"post\" class=\"wpcf7-form init\" aria-label=\"Formulaire de contact\" novalidate=\"novalidate\" data-status=\"init\" data-trp-original-action=\"\/fr\/wp-json\/wp\/v2\/pages\/280#wpcf7-f286-o2\">\n<fieldset class=\"hidden-fields-container\"><input type=\"hidden\" name=\"_wpcf7\" value=\"286\" \/><input type=\"hidden\" name=\"_wpcf7_version\" value=\"6.1.5\" \/><input type=\"hidden\" name=\"_wpcf7_locale\" value=\"fr_FR\" \/><input type=\"hidden\" name=\"_wpcf7_unit_tag\" value=\"wpcf7-f286-o2\" \/><input type=\"hidden\" name=\"_wpcf7_container_post\" value=\"0\" \/><input type=\"hidden\" name=\"_wpcf7_posted_data_hash\" value=\"\" \/>\n<\/fieldset>\n<div id=\"contact-form-prometal\">\n\t<div class=\"width-50\">\n\t\t<p><label>Nom<span class=\"wpcf7-form-control-wrap\" data-name=\"name\"><input size=\"40\" maxlength=\"400\" class=\"wpcf7-form-control wpcf7-text wpcf7-validates-as-required\" aria-required=\"true\" aria-invalid=\"false\" value=\"\" type=\"text\" name=\"name\" \/><\/span><\/label>\n\t\t<\/p>\n\t<\/div>\n\t<div class=\"width-50\">\n\t\t<p><label>Courriel<span class=\"wpcf7-form-control-wrap\" data-name=\"email\"><input size=\"40\" maxlength=\"400\" class=\"wpcf7-form-control wpcf7-email wpcf7-validates-as-required wpcf7-text wpcf7-validates-as-email\" aria-required=\"true\" aria-invalid=\"false\" value=\"\" type=\"email\" name=\"email\" \/><\/span><\/label>\n\t\t<\/p>\n\t<\/div>\n\t<div class=\"width-50\">\n\t\t<p><label>Num\u00e9ro de t\u00e9l\u00e9phone<span class=\"wpcf7-form-control-wrap\" data-name=\"phone\"><input size=\"40\" maxlength=\"400\" class=\"wpcf7-form-control wpcf7-tel wpcf7-validates-as-required wpcf7-text wpcf7-validates-as-tel\" aria-required=\"true\" aria-invalid=\"false\" value=\"\" type=\"tel\" name=\"phone\" \/><\/span><\/label>\n\t\t<\/p>\n\t<\/div>\n\t<div class=\"width-50\">\n\t\t<p><label>SUJET<span class=\"wpcf7-form-control-wrap\" data-name=\"topic\"><input size=\"40\" maxlength=\"400\" class=\"wpcf7-form-control wpcf7-text wpcf7-validates-as-required\" aria-required=\"true\" aria-invalid=\"false\" value=\"\" type=\"text\" name=\"topic\" \/><\/span><\/label>\n\t\t<\/p>\n\t<\/div>\n\t<div class=\"width-100\">\n\t\t<p><label>Type de contact<span class='select'><span class=\"wpcf7-form-control-wrap\" data-name=\"type\"><select class=\"wpcf7-form-control wpcf7-select\" aria-invalid=\"false\" name=\"type\"><option value=\"G\u00e9n\u00e9ral\">G\u00e9n\u00e9ral<\/option><option value=\"Commercial\">Commercial<\/option><option value=\"RH\">RH<\/option><option value=\"Achat\">Achat<\/option><\/select><\/span><\/span><\/label><br \/>\n<label>Votre message<span class=\"wpcf7-form-control-wrap\" data-name=\"your-message\"><textarea cols=\"40\" rows=\"10\" maxlength=\"2000\" class=\"wpcf7-form-control wpcf7-textarea wpcf7-validates-as-required\" aria-required=\"true\" aria-invalid=\"false\" name=\"your-message\"><\/textarea><\/span><\/label>\n\t\t<\/p>\n\t<\/div>\n\t<div class=\"width-100\">\n\t\t<p><span class=\"wpcf7-form-control-wrap\" data-name=\"acceptance-269\"><span class=\"wpcf7-form-control wpcf7-acceptance\"><span class=\"wpcf7-list-item\"><label><input type=\"checkbox\" name=\"acceptance-269\" value=\"1\" aria-invalid=\"false\" \/><span class=\"wpcf7-list-item-label\">Je consens \u00e0 l'utilisation de mes donn\u00e9es personnelles<\/span><\/label><\/span><\/span><\/span>\n\t\t<\/p>\n\t<div class=\"wpcf7-turnstile cf-turnstile\" data-sitekey=\"0x4AAAAAACAj89vAmL41aAlH\" data-response-field-name=\"_wpcf7_turnstile_response\"><\/div>\n\t\t<p><input class=\"wpcf7-form-control wpcf7-submit has-spinner\" type=\"submit\" value=\"Envoyer\" \/>\n\t\t<\/p>\n\t<\/div>\n<\/div><div class=\"wpcf7-response-output\" aria-hidden=\"true\"><\/div>\n<input type=\"hidden\" name=\"trp-form-language\" value=\"fr\"\/><\/form>\n<\/div>","protected":false},"author":1,"featured_media":0,"parent":0,"menu_order":0,"comment_status":"closed","ping_status":"closed","template":"","meta":{"_acf_changed":false,"_et_pb_use_builder":"on","_et_pb_old_content":"<!-- wp:paragraph -->\n<p>This is an example page. It's different from a blog post because it will stay in one place and will show up in your site navigation (in most themes). Most people start with an About page that introduces them to potential site visitors. It might say something like this:<\/p>\n<!-- \/wp:paragraph -->\n\n<!-- wp:quote -->\n<blockquote class=\"wp-block-quote\"><p>Hi there! I'm a bike messenger by day, aspiring actor by night, and this is my website. I live in Los Angeles, have a great dog named Jack, and I like pi&#241;a coladas. (And gettin' caught in the rain.)<\/p><\/blockquote>\n<!-- \/wp:quote -->\n\n<!-- wp:paragraph -->\n<p>...or something like this:<\/p>\n<!-- \/wp:paragraph -->\n\n<!-- wp:quote -->\n<blockquote class=\"wp-block-quote\"><p>The XYZ Doohickey Company was founded in 1971, and has been providing quality doohickeys to the public ever since. Located in Gotham City, XYZ employs over 2,000 people and does all kinds of awesome things for the Gotham community.<\/p><\/blockquote>\n<!-- \/wp:quote -->\n\n<!-- wp:paragraph -->\n<p>As a new WordPress user, you should go to <a href=\"http:\/\/prometal-cm.com\/wp-admin\/\">your dashboard<\/a> to delete this page and create new pages for your content. Have fun!<\/p>\n<!-- \/wp:paragraph -->","_et_gb_content_width":"","footnotes":""},"class_list":["post-280","page","type-page","status-publish","hentry"],"acf":[],"yoast_head":"<!-- This site is optimized with the Yoast SEO plugin v27.4 - https:\/\/yoast.com\/product\/yoast-seo-wordpress\/ -->\n<title>Contact Us &#187; Prometal<\/title>\n<meta name=\"robots\" content=\"index, follow, max-snippet:-1, max-image-preview:large, max-video-preview:-1\" \/>\n<link rel=\"canonical\" href=\"https:\/\/prometal-cm.com\/fr\/contactez-nous\/\" \/>\n<meta property=\"og:locale\" content=\"fr_FR\" \/>\n<meta property=\"og:type\" content=\"article\" \/>\n<meta property=\"og:title\" content=\"Contact Us &#187; Prometal\" \/>\n<meta property=\"og:url\" content=\"https:\/\/prometal-cm.com\/fr\/contactez-nous\/\" \/>\n<meta property=\"og:site_name\" content=\"Prometal\" \/>\n<meta property=\"article:modified_time\" content=\"2025-10-06T13:54:03+00:00\" \/>\n<meta property=\"og:image\" content=\"https:\/\/prometal-cm.com\/wp-content\/uploads\/2026\/01\/types-of-steel-metal-structures.jpeg\" \/>\n\t<meta property=\"og:image:width\" content=\"2400\" \/>\n\t<meta property=\"og:image:height\" content=\"1458\" \/>\n\t<meta property=\"og:image:type\" content=\"image\/jpeg\" \/>\n<meta name=\"twitter:card\" content=\"summary_large_image\" \/>\n<meta name=\"twitter:description\" content=\"[contact-form-7 id=&quot;794a0e8&quot; title=&quot;Formulaire de contact&quot;]\" \/>\n<meta name=\"twitter:label1\" content=\"Dur\u00e9e de lecture estim\u00e9e\" \/>\n\t<meta name=\"twitter:data1\" content=\"2 minutes\" \/>\n<script type=\"application\/ld+json\" class=\"yoast-schema-graph\">{\"@context\":\"https:\\\/\\\/schema.org\",\"@graph\":[{\"@type\":\"WebPage\",\"@id\":\"https:\\\/\\\/prometal-cm.com\\\/contact-us\\\/\",\"url\":\"https:\\\/\\\/prometal-cm.com\\\/contact-us\\\/\",\"name\":\"Contact Us &#187; Prometal\",\"isPartOf\":{\"@id\":\"https:\\\/\\\/prometal-cm.com\\\/#website\"},\"datePublished\":\"2025-09-29T15:24:58+00:00\",\"dateModified\":\"2025-10-06T13:54:03+00:00\",\"breadcrumb\":{\"@id\":\"https:\\\/\\\/prometal-cm.com\\\/contact-us\\\/#breadcrumb\"},\"inLanguage\":\"fr-FR\",\"potentialAction\":[{\"@type\":\"ReadAction\",\"target\":[\"https:\\\/\\\/prometal-cm.com\\\/contact-us\\\/\"]}]},{\"@type\":\"BreadcrumbList\",\"@id\":\"https:\\\/\\\/prometal-cm.com\\\/contact-us\\\/#breadcrumb\",\"itemListElement\":[{\"@type\":\"ListItem\",\"position\":1,\"name\":\"Accueil\",\"item\":\"https:\\\/\\\/prometal-cm.com\\\/\"},{\"@type\":\"ListItem\",\"position\":2,\"name\":\"Contact Us\"}]},{\"@type\":\"WebSite\",\"@id\":\"https:\\\/\\\/prometal-cm.com\\\/#website\",\"url\":\"https:\\\/\\\/prometal-cm.com\\\/\",\"name\":\"Prometal\",\"description\":\"\",\"publisher\":{\"@id\":\"https:\\\/\\\/prometal-cm.com\\\/#organization\"},\"alternateName\":\"Prometal Aci\u00e9rie\",\"potentialAction\":[{\"@type\":\"SearchAction\",\"target\":{\"@type\":\"EntryPoint\",\"urlTemplate\":\"https:\\\/\\\/prometal-cm.com\\\/?s={search_term_string}\"},\"query-input\":{\"@type\":\"PropertyValueSpecification\",\"valueRequired\":true,\"valueName\":\"search_term_string\"}}],\"inLanguage\":\"fr-FR\"},{\"@type\":\"Organization\",\"@id\":\"https:\\\/\\\/prometal-cm.com\\\/#organization\",\"name\":\"Prometal\",\"alternateName\":\"Prometal Aci\u00e9rie\",\"url\":\"https:\\\/\\\/prometal-cm.com\\\/\",\"logo\":{\"@type\":\"ImageObject\",\"inLanguage\":\"fr-FR\",\"@id\":\"https:\\\/\\\/prometal-cm.com\\\/#\\\/schema\\\/logo\\\/image\\\/\",\"url\":\"https:\\\/\\\/prometal-cm.com\\\/wp-content\\\/uploads\\\/2026\\\/04\\\/prometal-1.png\",\"contentUrl\":\"https:\\\/\\\/prometal-cm.com\\\/wp-content\\\/uploads\\\/2026\\\/04\\\/prometal-1.png\",\"width\":700,\"height\":700,\"caption\":\"Prometal\"},\"image\":{\"@id\":\"https:\\\/\\\/prometal-cm.com\\\/#\\\/schema\\\/logo\\\/image\\\/\"}}]}<\/script>\n<!-- \/ Yoast SEO plugin. -->","yoast_head_json":{"title":"Contactez-nous \u00bb Prometal","robots":{"index":"index","follow":"follow","max-snippet":"max-snippet:-1","max-image-preview":"max-image-preview:large","max-video-preview":"max-video-preview:-1"},"canonical":"https:\/\/prometal-cm.com\/fr\/contactez-nous\/","og_locale":"fr_FR","og_type":"article","og_title":"Contact Us &#187; Prometal","og_url":"https:\/\/prometal-cm.com\/fr\/contactez-nous\/","og_site_name":"Prometal","article_modified_time":"2025-10-06T13:54:03+00:00","og_image":[{"width":2400,"height":1458,"url":"https:\/\/prometal-cm.com\/wp-content\/uploads\/2026\/01\/types-of-steel-metal-structures.jpeg","type":"image\/jpeg"}],"twitter_card":"summary_large_image","twitter_description":"[contact-form-7 id=\"794a0e8\" title=\"Formulaire de contact\"]","twitter_misc":{"Dur\u00e9e de lecture estim\u00e9e":"2 minutes"},"schema":{"@context":"https:\/\/schema.org","@graph":[{"@type":"WebPage","@id":"https:\/\/prometal-cm.com\/contact-us\/","url":"https:\/\/prometal-cm.com\/contact-us\/","name":"Contactez-nous \u00bb Prometal","isPartOf":{"@id":"https:\/\/prometal-cm.com\/#website"},"datePublished":"2025-09-29T15:24:58+00:00","dateModified":"2025-10-06T13:54:03+00:00","breadcrumb":{"@id":"https:\/\/prometal-cm.com\/contact-us\/#breadcrumb"},"inLanguage":"fr-FR","potentialAction":[{"@type":"ReadAction","target":["https:\/\/prometal-cm.com\/contact-us\/"]}]},{"@type":"BreadcrumbList","@id":"https:\/\/prometal-cm.com\/contact-us\/#breadcrumb","itemListElement":[{"@type":"ListItem","position":1,"name":"Accueil","item":"https:\/\/prometal-cm.com\/"},{"@type":"ListItem","position":2,"name":"Contact Us"}]},{"@type":"WebSite","@id":"https:\/\/prometal-cm.com\/#website","url":"https:\/\/prometal-cm.com\/","name":"Prometal","description":"","publisher":{"@id":"https:\/\/prometal-cm.com\/#organization"},"alternateName":"Prometal Aci\u00e9rie","potentialAction":[{"@type":"SearchAction","target":{"@type":"EntryPoint","urlTemplate":"https:\/\/prometal-cm.com\/?s={search_term_string}"},"query-input":{"@type":"PropertyValueSpecification","valueRequired":true,"valueName":"search_term_string"}}],"inLanguage":"fr-FR"},{"@type":"Organization","@id":"https:\/\/prometal-cm.com\/#organization","name":"Prometal","alternateName":"Prometal Aci\u00e9rie","url":"https:\/\/prometal-cm.com\/","logo":{"@type":"ImageObject","inLanguage":"fr-FR","@id":"https:\/\/prometal-cm.com\/#\/schema\/logo\/image\/","url":"https:\/\/prometal-cm.com\/wp-content\/uploads\/2026\/04\/prometal-1.png","contentUrl":"https:\/\/prometal-cm.com\/wp-content\/uploads\/2026\/04\/prometal-1.png","width":700,"height":700,"caption":"Prometal"},"image":{"@id":"https:\/\/prometal-cm.com\/#\/schema\/logo\/image\/"}}]}},"_links":{"self":[{"href":"https:\/\/prometal-cm.com\/fr\/wp-json\/wp\/v2\/pages\/280","targetHints":{"allow":["GET"]}}],"collection":[{"href":"https:\/\/prometal-cm.com\/fr\/wp-json\/wp\/v2\/pages"}],"about":[{"href":"https:\/\/prometal-cm.com\/fr\/wp-json\/wp\/v2\/types\/page"}],"author":[{"embeddable":true,"href":"https:\/\/prometal-cm.com\/fr\/wp-json\/wp\/v2\/users\/1"}],"replies":[{"embeddable":true,"href":"https:\/\/prometal-cm.com\/fr\/wp-json\/wp\/v2\/comments?post=280"}],"version-history":[{"count":5,"href":"https:\/\/prometal-cm.com\/fr\/wp-json\/wp\/v2\/pages\/280\/revisions"}],"predecessor-version":[{"id":288,"href":"https:\/\/prometal-cm.com\/fr\/wp-json\/wp\/v2\/pages\/280\/revisions\/288"}],"wp:attachment":[{"href":"https:\/\/prometal-cm.com\/fr\/wp-json\/wp\/v2\/media?parent=280"}],"curies":[{"name":"wp","href":"https:\/\/api.w.org\/{rel}","templated":true}]}}